{"id":1746,"date":"2023-06-14T05:45:26","date_gmt":"2023-06-14T05:45:26","guid":{"rendered":"https:\/\/blancospileso.com\/?page_id=1746"},"modified":"2023-06-14T05:46:48","modified_gmt":"2023-06-14T05:46:48","slug":"politica-de-reembolso","status":"publish","type":"page","link":"https:\/\/blancospileso.com\/?page_id=1746","title":{"rendered":"Pol\u00edtica de Reembolso"},"content":{"rendered":"<p>[et_pb_section fb_built=\u00bb1&#8243; fullwidth=\u00bbon\u00bb _builder_version=\u00bb4.21.0&#8243; _module_preset=\u00bbdefault\u00bb background_image=\u00bbhttps:\/\/blancospileso.com\/wp-content\/uploads\/2023\/05\/living-room-2155376_1920.jpg\u00bb global_colors_info=\u00bb{}\u00bb theme_builder_area=\u00bbpost_content\u00bb][et_pb_fullwidth_header title=\u00bbPol\u00edtica de Reembolso\u00bb _builder_version=\u00bb4.21.0&#8243; _module_preset=\u00bbdefault\u00bb title_font=\u00bb|800|||||||\u00bb title_text_color=\u00bb#160E9F\u00bb title_font_size=\u00bb35px\u00bb background_color=\u00bbrgba(255,255,255,0.9)\u00bb custom_padding=\u00bb8vw||8vw||true|false\u00bb hover_enabled=\u00bb0&#8243; global_colors_info=\u00bb{}\u00bb theme_builder_area=\u00bbpost_content\u00bb sticky_enabled=\u00bb0&#8243;][\/et_pb_fullwidth_header][\/et_pb_section][et_pb_section fb_built=\u00bb1&#8243; _builder_version=\u00bb4.21.0&#8243; _module_preset=\u00bbdefault\u00bb global_colors_info=\u00bb{}\u00bb theme_builder_area=\u00bbpost_content\u00bb][et_pb_row _builder_version=\u00bb4.21.0&#8243; _module_preset=\u00bbdefault\u00bb global_colors_info=\u00bb{}\u00bb theme_builder_area=\u00bbpost_content\u00bb][et_pb_column type=\u00bb4_4&#8243; _builder_version=\u00bb4.21.0&#8243; _module_preset=\u00bbdefault\u00bb global_colors_info=\u00bb{}\u00bb theme_builder_area=\u00bbpost_content\u00bb][et_pb_text _builder_version=\u00bb4.21.0&#8243; _module_preset=\u00bbdefault\u00bb theme_builder_area=\u00bbpost_content\u00bb text_font_size=\u00bb15px\u00bb text_orientation=\u00bbjustified\u00bb hover_enabled=\u00bb0&#8243; sticky_enabled=\u00bb0&#8243;]<\/p>\n<ul>\n<li><strong><\/strong><strong> CANCELACI\u00d3N<\/strong>\n<\/li>\n<\/ul>\n<p>Tal como lo establece la Norma Mexicana de Comercio Electr\u00f3nico, Usted una vez que haya adquirido el producto de su elecci\u00f3n, podr\u00e1 cancelar dentro de los cinco d\u00edas naturales despu\u00e9s de haber recibido el producto sin justificaci\u00f3n alguna, esto, siempre y cuando el producto no haya sido utilizado. Que nuestro producto se haya conservado en el estado original en el que fue entregado (incluyendo accesorios, empaques, bolsas, entre otros). Asimismo, siempre y cuando Usted acredite la compra y pago dentro del tiempo establecido para tal efecto (5 d\u00edas naturales). Esta devoluci\u00f3n se har\u00e1 siempre y cuando el producto se encuentre en perfectas condiciones.<\/p>\n<p>Si Usted est\u00e1 en este supuesto, le pedimos ponerse en contacto con nuestro departamento de atenci\u00f3n al cliente mediante el n\u00famero telef\u00f3nico 5527557909 , as\u00ed como al correo atencion.a.clientes@blancospileso.com, en donde se le solicitar\u00e1n fotograf\u00edas del producto y la validaci\u00f3n de la compra.<\/p>\n<p>Una vez que se haya validado su cancelaci\u00f3n, Usted tendr\u00e1 que enviar el producto de vuelta, mediante una gu\u00eda pre pagada por parte\u00a0de <strong>BLANCOS PILESO. <\/strong>Una vez validado que el producto se encuentra bajo las condiciones establecidas en el primer p\u00e1rrafo de este apartado, se proceder\u00e1 a realizar la devoluci\u00f3n de su pago mediante transferencia bancaria.<\/p>\n<p>[\/et_pb_text][\/et_pb_column][\/et_pb_row][\/et_pb_section]<\/p>\n","protected":false},"excerpt":{"rendered":"<p>CANCELACI\u00d3N Tal como lo establece la Norma Mexicana de Comercio Electr\u00f3nico, Usted una vez que haya adquirido el producto de su elecci\u00f3n, podr\u00e1 cancelar dentro de los cinco d\u00edas naturales despu\u00e9s de haber recibido el producto sin justificaci\u00f3n alguna, esto, siempre y cuando el producto no haya sido utilizado. Que nuestro producto se haya conservado [&hellip;]<\/p>\n","protected":false},"author":1,"featured_media":0,"parent":0,"menu_order":0,"comment_status":"closed","ping_status":"closed","template":"","meta":{"_et_pb_use_builder":"on","_et_pb_old_content":"<!-- wp:divi\/placeholder \/-->","_et_gb_content_width":"","_joinchat":[]},"_links":{"self":[{"href":"https:\/\/blancospileso.com\/index.php?rest_route=\/wp\/v2\/pages\/1746"}],"collection":[{"href":"https:\/\/blancospileso.com\/index.php?rest_route=\/wp\/v2\/pages"}],"about":[{"href":"https:\/\/blancospileso.com\/index.php?rest_route=\/wp\/v2\/types\/page"}],"author":[{"embeddable":true,"href":"https:\/\/blancospileso.com\/index.php?rest_route=\/wp\/v2\/users\/1"}],"replies":[{"embeddable":true,"href":"https:\/\/blancospileso.com\/index.php?rest_route=%2Fwp%2Fv2%2Fcomments&post=1746"}],"version-history":[{"count":3,"href":"https:\/\/blancospileso.com\/index.php?rest_route=\/wp\/v2\/pages\/1746\/revisions"}],"predecessor-version":[{"id":1749,"href":"https:\/\/blancospileso.com\/index.php?rest_route=\/wp\/v2\/pages\/1746\/revisions\/1749"}],"wp:attachment":[{"href":"https:\/\/blancospileso.com\/index.php?rest_route=%2Fwp%2Fv2%2Fmedia&parent=1746"}],"curies":[{"name":"wp","href":"https:\/\/api.w.org\/{rel}","templated":true}]}}