{"id":1742,"date":"2023-06-14T05:42:57","date_gmt":"2023-06-14T05:42:57","guid":{"rendered":"https:\/\/blancospileso.com\/?page_id=1742"},"modified":"2023-06-21T01:45:47","modified_gmt":"2023-06-21T01:45:47","slug":"politica-de-envio","status":"publish","type":"page","link":"https:\/\/blancospileso.com\/?page_id=1742","title":{"rendered":"Pol\u00edtica de Env\u00edo"},"content":{"rendered":"<p>[et_pb_section fb_built=\u00bb1&#8243; fullwidth=\u00bbon\u00bb _builder_version=\u00bb4.21.0&#8243; _module_preset=\u00bbdefault\u00bb background_image=\u00bbhttps:\/\/blancospileso.com\/wp-content\/uploads\/2023\/05\/living-room-2155376_1920.jpg\u00bb global_colors_info=\u00bb{}\u00bb][et_pb_fullwidth_header title=\u00bbPol\u00edtica de Env\u00edo\u00bb _builder_version=\u00bb4.21.0&#8243; _module_preset=\u00bbdefault\u00bb title_font=\u00bb|800|||||||\u00bb title_text_color=\u00bb#160E9F\u00bb title_font_size=\u00bb35px\u00bb background_color=\u00bbrgba(255,255,255,0.9)\u00bb custom_padding=\u00bb8vw||8vw||true|false\u00bb global_colors_info=\u00bb{}\u00bb][\/et_pb_fullwidth_header][\/et_pb_section][et_pb_section fb_built=\u00bb1&#8243; _builder_version=\u00bb4.21.0&#8243; _module_preset=\u00bbdefault\u00bb global_colors_info=\u00bb{}\u00bb][et_pb_row _builder_version=\u00bb4.21.0&#8243; _module_preset=\u00bbdefault\u00bb global_colors_info=\u00bb{}\u00bb][et_pb_column type=\u00bb4_4&#8243; _builder_version=\u00bb4.21.0&#8243; _module_preset=\u00bbdefault\u00bb global_colors_info=\u00bb{}\u00bb][et_pb_text _builder_version=\u00bb4.21.0&#8243; _module_preset=\u00bbdefault\u00bb text_font_size=\u00bb15px\u00bb text_orientation=\u00bbjustified\u00bb hover_enabled=\u00bb0&#8243; global_colors_info=\u00bb{}\u00bb sticky_enabled=\u00bb0&#8243;]<\/p>\n<p>\u2022 ENV\u00cdO<\/p>\n<p>En <strong>BLANCOS PILESO<\/strong> hemos contratado una compa\u00f1\u00eda de Fulfillment para poder enviarle nuestros productos de manera r\u00e1pida y al menor costo, es por eso que tenemos un convenio con la empresa denominada SKYDROP , a quien le transferiremos sus datos personales referentes a su nombre, domicilio y tel\u00e9fono de contacto con la \u00fanica finalidad para hacer llegar su producto lo antes posible, por lo anterior, le sugerimos revisar sus pol\u00edticas de privacidad para que conozca el tratamiento que le da a su informaci\u00f3n, as\u00ed como para que pueda ejercer sus derechos ARCO si as\u00ed lo estima pertinente en el siguiente enlace: <a href=\"https:\/\/logistica.skydropx.com\/aviso-privacidad\/\">https:\/\/logistica.skydropx.com\/aviso-privacidad\/<\/a>.<\/p>\n<p>Es importante que entienda que, a pesar de que hemos hecho esfuerzos considerables para tener la cobertura dentro del territorio de los Estados Unidos Mexicanos cubierta, existir\u00e1n zonas en donde no ser\u00e1 posible enviarle el producto, por lo que, en estos casos nos reservaremos el derecho de realizar la venta derivado de nuestra imposibilidad de realizar la entrega.<\/p>\n<p>Para nosotros su compra es muy valiosa, es por eso que, el env\u00edo de nuestros productos es totalmente gratuitos.<\/p>\n<p>Nuestras \u00f3rdenes son procesadas en menos de 72 horas, una vez validado y conciliado el pago en nuestro sistema. Los pedidos recibidos despu\u00e9s de las 12:00 horas del d\u00eda viernes y\/o en puentes vacacionales, ser\u00e1n procesadas al siguiente d\u00eda h\u00e1bil, teniendo una fecha de entrega aproximada de 6 d\u00edas h\u00e1biles.<\/p>\n<p>Lo expuesto en el p\u00e1rrafo anterior, no ser\u00e1 considerado en caso de que exista sobre carga en la paqueter\u00eda que hemos puesto a su disposici\u00f3n o, en caso de que la zona geogr\u00e1fica no permita realizar la entrega dentro de las 72 horas por lo que, en caso de estar en los presentes supuestos, la entrega se podr\u00e1 realizar hasta en 15 d\u00edas h\u00e1biles, sin responsabilidad alguna para <strong>BLANCOS PILESO<\/strong>.<\/p>\n<p><strong>BLANCOS PILESO<\/strong> est\u00e1 completamente comprometido por brindar a clientes y usuarios la mejor experiencia de compra y el mejor servicio posible, apeg\u00e1ndonos a nuestra filosof\u00eda: \u201cLo que se hace bien, se hace para siempre\u201d.<\/p>\n<p>[\/et_pb_text][\/et_pb_column][\/et_pb_row][\/et_pb_section]<\/p>\n","protected":false},"excerpt":{"rendered":"<p>\u2022 ENV\u00cdO En BLANCOS PILESO hemos contratado una compa\u00f1\u00eda de Fulfillment para poder enviarle nuestros productos de manera r\u00e1pida y al menor costo, es por eso que tenemos un convenio con la empresa denominada SKYDROP , a quien le transferiremos sus datos personales referentes a su nombre, domicilio y tel\u00e9fono de contacto con la \u00fanica [&hellip;]<\/p>\n","protected":false},"author":1,"featured_media":0,"parent":0,"menu_order":0,"comment_status":"closed","ping_status":"closed","template":"","meta":{"_et_pb_use_builder":"on","_et_pb_old_content":"<!-- wp:divi\/placeholder \/-->","_et_gb_content_width":"","_joinchat":[]},"_links":{"self":[{"href":"https:\/\/blancospileso.com\/index.php?rest_route=\/wp\/v2\/pages\/1742"}],"collection":[{"href":"https:\/\/blancospileso.com\/index.php?rest_route=\/wp\/v2\/pages"}],"about":[{"href":"https:\/\/blancospileso.com\/index.php?rest_route=\/wp\/v2\/types\/page"}],"author":[{"embeddable":true,"href":"https:\/\/blancospileso.com\/index.php?rest_route=\/wp\/v2\/users\/1"}],"replies":[{"embeddable":true,"href":"https:\/\/blancospileso.com\/index.php?rest_route=%2Fwp%2Fv2%2Fcomments&post=1742"}],"version-history":[{"count":4,"href":"https:\/\/blancospileso.com\/index.php?rest_route=\/wp\/v2\/pages\/1742\/revisions"}],"predecessor-version":[{"id":1767,"href":"https:\/\/blancospileso.com\/index.php?rest_route=\/wp\/v2\/pages\/1742\/revisions\/1767"}],"wp:attachment":[{"href":"https:\/\/blancospileso.com\/index.php?rest_route=%2Fwp%2Fv2%2Fmedia&parent=1742"}],"curies":[{"name":"wp","href":"https:\/\/api.w.org\/{rel}","templated":true}]}}