{"id":1738,"date":"2023-06-14T05:39:54","date_gmt":"2023-06-14T05:39:54","guid":{"rendered":"https:\/\/blancospileso.com\/?page_id=1738"},"modified":"2023-06-14T05:41:29","modified_gmt":"2023-06-14T05:41:29","slug":"terminos-del-servicio","status":"publish","type":"page","link":"https:\/\/blancospileso.com\/?page_id=1738","title":{"rendered":"T\u00e9rminos del Servicio"},"content":{"rendered":"<p>[et_pb_section fb_built=\u00bb1&#8243; fullwidth=\u00bbon\u00bb _builder_version=\u00bb4.21.0&#8243; _module_preset=\u00bbdefault\u00bb background_image=\u00bbhttps:\/\/blancospileso.com\/wp-content\/uploads\/2023\/05\/living-room-2155376_1920.jpg\u00bb global_colors_info=\u00bb{}\u00bb theme_builder_area=\u00bbpost_content\u00bb][et_pb_fullwidth_header title=\u00bbT\u00e9rminos del Servicio\u00bb _builder_version=\u00bb4.21.0&#8243; _module_preset=\u00bbdefault\u00bb title_font=\u00bb|800|||||||\u00bb title_text_color=\u00bb#160E9F\u00bb title_font_size=\u00bb35px\u00bb background_color=\u00bbrgba(255,255,255,0.9)\u00bb custom_padding=\u00bb8vw||8vw||true|false\u00bb hover_enabled=\u00bb0&#8243; global_colors_info=\u00bb{}\u00bb theme_builder_area=\u00bbpost_content\u00bb sticky_enabled=\u00bb0&#8243;][\/et_pb_fullwidth_header][\/et_pb_section][et_pb_section fb_built=\u00bb1&#8243; _builder_version=\u00bb4.21.0&#8243; _module_preset=\u00bbdefault\u00bb global_colors_info=\u00bb{}\u00bb theme_builder_area=\u00bbpost_content\u00bb][et_pb_row _builder_version=\u00bb4.21.0&#8243; _module_preset=\u00bbdefault\u00bb global_colors_info=\u00bb{}\u00bb theme_builder_area=\u00bbpost_content\u00bb][et_pb_column type=\u00bb4_4&#8243; _builder_version=\u00bb4.21.0&#8243; _module_preset=\u00bbdefault\u00bb global_colors_info=\u00bb{}\u00bb theme_builder_area=\u00bbpost_content\u00bb][et_pb_text _builder_version=\u00bb4.21.0&#8243; _module_preset=\u00bbdefault\u00bb theme_builder_area=\u00bbpost_content\u00bb text_font_size=\u00bb15px\u00bb text_orientation=\u00bbjustified\u00bb hover_enabled=\u00bb0&#8243; sticky_enabled=\u00bb0&#8243;]<\/p>\n<p><strong>T\u00c9RMINOS Y CONDICIONES.<\/strong><\/p>\n<p>www.blancospileso.com<\/p>\n<p>&nbsp;<\/p>\n<ul>\n<li><strong><\/strong><strong> IDENTIDAD<\/strong>\n<\/li>\n<\/ul>\n<p><strong>BLANCOS PILESO S.A. de C.V.<\/strong>, a quien en lo sucesivo se le conocer\u00e1 como<strong>\u00a0BLANCOS PILESO,\u00a0<\/strong>es una Sociedad Mercantil que tiene por objeto la fabricaci\u00f2n y venta de almohadas, cojines decorativos, cojines para silla, colchonetas y camas para mascota a nivel nacional e internacional. Estos productos se ponen a disposici\u00f3n del p\u00fablico en general por medio de nuestro market place dentro del dominio www.blancospileso.com por lo que, al aceptar los presentes t\u00e9rminos y condiciones, Usted manifiesta que entiende el alcance de los productos que ofrecemos, adem\u00e1s del alcance de los presentes t\u00e9rminos y condiciones.<\/p>\n<p><strong>BLANCOS PILESO<\/strong>\u00a0cuenta con domicilio ubicado en\u00a0<strong>Blvd. Hidalgo No. 7038 Col. Los Castillos 1a. Secci\u00f2n, C.P. 37209, en la Ciudad de Le\u00f3n, Guanajuato, M\u00e9xico,\u00a0<\/strong>en\u00a0donde se encuentran nuestras oficinas administrativas por lo que, \u00a0ser\u00e1 este domicilio el que se utilice para recibir cualquier notificaci\u00f3n que tenga relevancia con\u00a0<strong>BLANCOS PILESO.<\/strong><\/p>\n<p>&nbsp;<\/p>\n<ol>\n<li><strong>ACCESO<\/strong><\/li>\n<\/ol>\n<p>&nbsp;<\/p>\n<p>Para poder ingresar al dominio www.blancospileso.com, en donde ponemos a la venta nuestros productos, es necesario que usted cuente con un dispositivo m\u00f3vil conectado a Internet, en donde una vez que ingrese podr\u00e1 tener la opci\u00f3n de generar un usuario para realizar sus compras, inform\u00e1ndole tambi\u00e9n que Usted puede realizar la compra de nuestros productos como usuario invitado. En ambos casos Usted tendr\u00e1 que llenar los formularios en donde se le recaban datos personales, los cuales tienen como principal finalidad, el poder generar la venta del producto que Usted haya elegido.<\/p>\n<p>&nbsp;<\/p>\n<p>Es importante comentarle que los productos que ponemos a su disposici\u00f3n por medio del dominio mencionado, est\u00e1n sujetos a disponibilidad de producto, as\u00ed como la disponibilidad de la entrega del mismo.<\/p>\n<p>&nbsp;<\/p>\n<ol>\n<li><strong>\u00bfC\u00d3MO REALIZAR UNA COMPRA DE NUESTROS PRODUCTOS?<\/strong><\/li>\n<\/ol>\n<p>&nbsp;<\/p>\n<p>Una vez que cuente con un dispositivo conectado a internet e ingrese al dominio www.blancospileso.com\u00a0se desprender\u00e1 nuestro inventario de producto, as\u00ed como los colores y modelo, los cuales se encuentran sujetos a disponibilidad. Derivado del uso de dispositivos electr\u00f3nicos para realizar la compra, es probable que el color tenga alguna variaci\u00f3n derivado de la toma de fotograf\u00edas, luz de imagen, tipo de dispositivo y\/o tonalidad de su pantalla, por lo que, es posible que los colores varien de la puesta a disposici\u00f3n en pantalla a su color original en f\u00edsico, coment\u00e0ndole tambi\u00e9n que dicha variaci\u00f3n ser\u00e1 m\u00ednima.<\/p>\n<p>Como se mencion\u00f3 en apartados anteriores, NO es necesario generar un usuario en la plataforma para que pueda realizar su compra pero, s\u00ec es necesario que Usted cuente con la mayor\u00eda de edad en su pa\u00eds de origen y dentro de los Estados Unidos Mexicanos para que cuente con capacidad jur\u00eddica para obligarse a los presentes t\u00e9rminos y condiciones.<\/p>\n<p>Una vez que Usted haya elegido el producto del color de su elecci\u00f3n y que, haya verificado la disponibilidad de \u00e9ste, acceder\u00e1 a nuestro carrito de compra para el seguimiento final de venta, en donde se le pedir\u00e1n una serie de datos personales, tales como NOMBRE, CORREO ELECTR\u00d3NICO, DOMICILIO, C\u00d3DIGO POSTAL Y TEL\u00c9FONO para el env\u00edo. Estos datos se encuentran protegidos por medidas de seguridad f\u00edsica, t\u00e9cnicas y administrativas, para el sano tratamiento interno de su informaci\u00f3n, lo cual puede verificar mediante el Aviso de Privacidad que ponemos a su disposici\u00f3n mediante el siguiente enlace\u00a0www.blancospileso.com\/privacidad.<\/p>\n<p>Una vez hecho todo lo anterior, Usted tendr\u00e1 que aceptar los presentes t\u00e9rminos y condiciones as\u00ed como, nuestra Pol\u00edtica de Privacidad por medio del consentimiento tecnol\u00f3gico (Opt-In) que ponemos a su disposici\u00f3n.<\/p>\n<p>En caso de que Usted requiera factura, la podr\u00e1 solicitar de acuerdo con el procedimiento que hemos implementado para tal efecto.<\/p>\n<p>&nbsp;<\/p>\n<p><strong>ENV\u00cdO<\/strong><\/p>\n<p>En\u00a0<strong>BLANCOS PILESO\u00a0<\/strong>hemos contratado una compa\u00f1\u00eda de Fulfillment para poder enviarle nuestros productos de manera r\u00e1pida y al menor costo, es por eso que tenemos un convenio con la empresa denominada\u00a0<strong>SKYDROP\u00a0<\/strong>, a quien le transferiremos sus datos personales referentes a su\u00a0<strong>nombre, domicilio y tel\u00e9fono<\/strong>\u00a0de contacto con la \u00fanica finalidad de hacerle llegar su producto lo antes posible, por lo anterior, le sugerimos revisar sus Pol\u00edticas de Privacidad para que conozca el tratamiento que se le da a su informaci\u00f3n, as\u00ed como para que pueda ejercer sus derechos ARCO si as\u00ed lo estima pertinente en el siguiente enlace: https:\/\/logistica.skydropx.com\/aviso-privacidad\/.<\/p>\n<p>Es importante que entienda que, a pesar de que hemos hecho esfuerzos considerables para tener la cobertura dentro del territorio de los Estados Unidos Mexicanos, existir\u00e1n zonas en donde no ser\u00e1 posible enviarle el producto, por lo que, \u00a0en estos casos nos reservaremos el derecho de realizar la venta derivado de nuestra imposibilidad de realizar la entrega.<\/p>\n<p>&nbsp;<\/p>\n<p>Para nosotros su compra es muy valiosa, es por eso que, el env\u00edo de nuestros productos es totalmente gratuito en compras iguales o mayores a $899.00 (ochocientos noventa y nueve \u00a0pesos 00\/100 m.n.) moneda mexicana. En caso de compra de productos menor al precio establecido, nuestro formulario le dar\u00e1 el costo exacto del destino del producto.<\/p>\n<p>Nuestras ordenes son procesadas en menos de 48 horas, una vez validado y conciliado el pago en nuestro sistema. Los pedidos recibidos despu\u00e9s de las 12:00 horas del d\u00eda viernes y\/o en puentes vacacionales, ser\u00e1n procesados al siguiente d\u00eda h\u00e1bil teniendo una fecha de entrega aproximada de 6 d\u00edas h\u00e1biles.<\/p>\n<p>Lo expuesto en el p\u00e1rrafo anterior, no ser\u00e1 considerado en caso de que exista sobre carga en la paqueter\u00eda que hemos puesto a su disposici\u00f3n o en caso de que la zona geogr\u00e1fica no permita realizar la entrega dentro de las 48 horas por lo que, en caso de estar en los presentes supuestos, la entrega se podr\u00e1 realizar hasta en 15 d\u00edas h\u00e1biles, sin responsabilidad alguna para\u00a0<strong>BLANCOS PILESO.<\/strong><\/p>\n<p><strong>BLANCOS PILESO<\/strong>\u00a0est\u00e1 completamente comprometido por brindad a clientes y usuarios la mejor experiencia de compra y el mejor servicio posible, apeg\u00e1ndonos a nuestra filosof\u00eda:\u00a0<em>\u201cLo que se hace bien, se hace para siempre\u201d.<\/em><\/p>\n<p>&nbsp;<\/p>\n<p><strong>PAGO<\/strong><\/p>\n<p>Una vez que Usted haya elegido el producto en el color de su elecci\u00f3n de acuerdo a nuestro inventario ofertado en nuestro dominio www.blancospileso.com\u00a0\u00a0tendr\u00e1 la opci\u00f3n de ir al carrito de compra a finalizar la transacci\u00f3n, en donde Usted va a poder elegir respecto a las plataformas de pago seguras que hemos elegido para ofrecerle un gran servicio.<\/p>\n<p>Usted tiene que tomar en cuenta que los datos personales bancarios no son recabados por\u00a0<strong>BLANCOS PILESO<\/strong>, sin embargo, s\u00ec nos hemos asegurado de que, nuestros proveedores de servicio cuenten con medidas de seguridad para el sano resguardo y tratamiento de su informaci\u00f3n de pago. Si Usted quiere ejercer alguno de los derechos ARCO con respecto a su informaci\u00f3n bancaria, le sugerimos que se ponga en contacto con la empresa de pagos que haya seleccionado para tal efecto.<\/p>\n<p>Una vez que Usted haya elegido la plataforma y metodolog\u00eda de pago de su elecci\u00f3n (PayPal, MercadoPago y\/o Aplazo), es posible que se re-direccione a dominios externos para que complete la operaci\u00f3n de compra o para que revise la susceptibilidad de cr\u00e9dito por medio de la plataforma\u00a0<strong>Aplazo<\/strong>. Le sugerimos que previo a poner sus datos personales y\/o bancarios, revise que se encuentra dentro de la plataforma elegida, para efectos de prevenir cualquier conducta delictiva por parte de un tercero.<\/p>\n<p>Seleccione de manera objetiva su forma de pago ya que, en caso de que exista alguna diferencia de montos y\/o no se vea reflejado el pago del producto,\u00a0<strong>BLANCOS PILESO<\/strong> <strong>NO<\/strong> se hace responsable por la p\u00e8rdida de dinero y\/o fraude por terceros, sin embargo, si estaremos al pendiente de su transacci\u00f3n para apoyarlo en todo momento para que, una vez conciliado el pago, le mandemos su producto sin demora alguna.<\/p>\n<p>&nbsp;<\/p>\n<ol>\n<li><strong>FACTURACI\u00d3N\u00a0<\/strong><\/li>\n<\/ol>\n<p>&nbsp;<\/p>\n<p>Una vez que Usted haya realizado el pago por la compra de nuestro(s) producto(s), Usted podr\u00e1 solicitar una factura personalizada mediante contacto v\u00eda WhatsApp solicitando el inicio del chat por medio del apartado correspondiente y\/o por medio de nuestro medio de contacto tel\u00e9fonico al n\u00famero 5527557909 o, al correo electr\u00f3nico atencion.a.clientes@blancospileso.com,\u00a0para la realizaci\u00f3n de dicha factura, Usted deber\u00e1 de estar dado de alta ante el Servicio de Administraci\u00f3n Tributaria y contar con un Registro Federal de Contribuyentes. Adicionalmente se le solicitar\u00e1n otros datos como su domicilio fiscal y Constancia de Situaci\u00f2n Fiscal, inform\u00e1ndole que estos datos ser\u00e1n transferidos hacia el Sevicio de Administraci\u00f3n Tributaria y sus entes certificadores, transferencia que no requiere de su consentimiento de acuerdo a lo establecido mediante la Ley Federal de Protecci\u00f3n de Datos Personales en Posesi\u00f3n de los Particulares.\u00a0<\/p>\n<p>&nbsp;<\/p>\n<ol>\n<li><strong>GARANT\u00cdA<\/strong><\/li>\n<\/ol>\n<p>&nbsp;<\/p>\n<p><strong>BLANCOS PILESO\u00a0\u00a0<\/strong>le informa que todos los productos que comercializamos cuentan con una alta gama de satisfacci\u00f3n, sin embargo, son susceptibles de presentar fallas de origen y\/o fabricaci\u00f3n. Si esto sucede, por favor p\u00f3ngase en contacto con nuestro departamento de atenci\u00f3n a clientes, en el tel\u00e9fono 5527557909 o al correo\u00a0atencion.a.clientes@blancospileso.com, dentro de los 15 (quince) d\u00edas naturales posteriores, observando las siguientes instrucciones:<\/p>\n<ul>\n<li>P\u00f3ngase en contacto con nuestro departamento de atenci\u00f3n a clientes dentro de los 15 d\u00edas naturales posteriores a la compra, teniendo a la mano su ticket de transacci\u00f3n de compra y datos del producto.<\/li>\n<li>Una vez que se ponga en contacto con nosotros, deber\u00e1 de enviar fotograf\u00edas del producto, el cual tendr\u00e1 que estar en excelentes condiciones, tal como le fue enviado, debiendo evidenciar de forma clara la falla de origen o fabricaci\u00f3n.<\/li>\n<li>En caso de que, aplique el reembolso por defectos de origen o fabricaci\u00f3n, se le enviar\u00e1 a su medio de contacto una gu\u00eda pre pagada por parte de\u00a0<strong>BLANCOS PILESO,\u00a0<\/strong>con lo cual Usted podr\u00e1 acudir a la sucursal m\u00e1s cercana a su domicilio para enviarnos el producto a nuestras instalaciones esto, deber\u00e1 de ser dentro de las pr\u00f3ximas 72 horas despu\u00e9s de haber recibido la gu\u00eda pre pagada. En caso de realizar el env\u00edo por causas imputables a Usted despu\u00e9s de las 72 horas establecidas,\u00a0<strong>BLANCOS PILESO<\/strong>\u00a0no se har\u00e1 responsable del reembolso previamente autorizado.<\/li>\n<li>Una vez recibido el producto en las condiciones que se han establecido en el presente apartado,\u00a0<strong>BLANCOS PILESO l<\/strong>e reembolsar\u00e1 el dinero que Usted haya erogado por nuestro producto en un plazo m\u00e1ximo de 8 d\u00edas laborales, mediante transferencia bancaria en la cuenta que Usted previamente se\u00f1ale.\u00a0<\/li>\n<\/ul>\n<p>&nbsp;<\/p>\n<ol>\n<li><strong>CANAL DE COMUNICACI\u00d3N<\/strong><\/li>\n<\/ol>\n<p><strong>BLANCOS PILESO,\u00a0<\/strong>pone a su disposici\u00f3n el tel\u00e9fono de atenci\u00f3n a clientes 5527557909 as\u00ed como, el correo\u00a0atencion.a.clientes@blancospileso.com\u00a0\u00a0en donde estaremos encantados de atender cualquier duda y\/o aclaraci\u00f3n de lunes a viernes en un horario de 9:00 a.m. a 6:00 p.m.<\/p>\n<p>&nbsp;<\/p>\n<p><strong>PRIVACIDAD<\/strong><\/p>\n<p>Para\u00a0<strong>BLANCOS PILESO\u00a0\u00a0<\/strong>es muy importante su privacidad, es por eso que hemos implementado el cumplimiento de los principios expuestos en la Ley Federal de Protecci\u00f3n de Datos Personales en Posesi\u00f3n de los Particulares y su Reglamento, adem\u00e1s de leyes an\u00e1logas y buenas pr\u00e1cticas internacionales.<\/p>\n<p>Hemos dise\u00f1ado una privacidad por defecto en donde siempre velaremos por el sano tratamiento interno de sus datos personales de acuerdo con los par\u00e1metros expuestos mediante nuestro aviso de privacidad que se encuentra disponible en el siguiente enlace\u00a0www.blancospileso.com\/privacidad.<\/p>\n<p>De igual forma, si Usted desea ejercer alg\u00fan derecho de Acceso, Rectificaci\u00f3n, Cancelaci\u00f3n y\/o Oposici\u00f3n (ARCO), Usted puede seguir el procedimiento que hemos dise\u00f1ado para tal efecto, el cual puede consultar en nuestro dominio web www.blancospileso.com<\/p>\n<p>Adicionalmente le informamos que continuamente revisamos nuestras medidas de seguridad t\u00e9cnicas, f\u00edsicas y administrativas para la prevenci\u00f3n en contra de da\u00f1o, p\u00e9rdida, alteraci\u00f3n, destrucci\u00f3n o el uso, acceso o tratamiento NO autorizado de sus datos personales.<\/p>\n<p>&nbsp;<\/p>\n<p><strong>PROPIEDAD INTELECTUAL<\/strong><\/p>\n<p>Le informamos que,<strong>\u00a0BLANCOS PILESO\u00a0<\/strong>es una Marca Registrada ante el Instituto de la Propiedad Industrial por lo que, el usuario final no podr\u00e1 explotar dicha marca, as\u00ed como cualquier otra que identifique en todo o en parte alguna funcionabilidad o m\u00f3dulo del programa de c\u00f3mputo o que, identifique a la empresa y\/o servicios y, en general, cualquier otra marca que sea titularidad de\u00a0<strong>BLANCOS PILESO.<\/strong><\/p>\n<p>&nbsp;<\/p>\n<p>Sujeto al cumplimiento de estos\u00a0<strong>T\u00c9RMINOS Y CONDICIONES<\/strong>,\u00a0<strong>BLANCOS PILESO\u00a0<\/strong>\u00a0le otorga una licencia limitada, no exclusiva, no sublicenciable, revocable, no transferible para: (i) el acceso y uso de las Aplicaciones en su dispositivo personal solo en relaci\u00f3n con su uso de los Servicios; y (ii) el acceso y uso de cualquier contenido, informaci\u00f3n y material relacionado que pueda ponerse a disposici\u00f3n a trav\u00e9s de los Servicios, en cada caso solo para su uso personal, no comercial.\u00a0<strong>BLANCOS PILESO\u00a0<\/strong>y sus licenciantes se reservan cualquier derecho que no haya sido expresamente otorgado por el presente.<\/p>\n<p><strong>BLANCOS PILESO <\/strong>tiene y conservar\u00e1 en todo momento la titularidad de derechos de propiedad intelectual sobre los Servicios, incluidos los Programas de c\u00f3mputo y los Programas Complementarios as\u00ed como, todas aquellas modificaciones y actualizaciones de los mismos; incluyendo aquellas mejoras y modificaciones que se hicieren al aplicativo tecnol\u00f3gico de manera din\u00e1mica y constante.<\/p>\n<p>Cuando Usted utiliza la plataforma digital,\u00a0<strong>BLANCOS PILESO\u00a0<\/strong>se compromete a no copiar, modificar, enmendar, adaptar, traducir, utilizar ingenier\u00eda inversa, compilar, desensamblar el software, as\u00ed como no crear ning\u00fan producto derivado de la plataforma\u00a0<strong>BLANCOS PILESO.<\/strong><\/p>\n<p>Los Usuarios no podr\u00e1n solicitar o permitir a terceros:<\/p>\n<ol>\n<li>Retirar ni modificar las marcas de ning\u00fan programa o los avisos referentes a los derechos de propiedad de\u00a0<strong>BLANCOS PILESO.<\/strong><\/li>\n<li>Poner los programas o materiales derivados de los Servicios a disposici\u00f3n de terceros de cualquier modo para su uso en las operaciones de negocios de dicho tercero.<\/li>\n<li>Modificar, elaborar obras o programas de c\u00f3mputo derivadas, desensamblar, descompilar, efectuar un proceso de ingenier\u00eda inversa, reproducir, distribuir, descifrar, ni descargar cualquier parte del software de <strong>BLANCOS PILESO.<\/strong><\/li>\n<li>Realizar o difundir cualquiera de las siguientes pruebas de seguridad del Entorno de Servicios o la infraestructura asociada: detecci\u00f3n de redes, identificaci\u00f3n de puertos y servicios, exploraci\u00f3n de vulnerabilidades, descifrado de contrase\u00f1as, prueba de acceso remoto, o prueba de penetraci\u00f3n.<\/li>\n<\/ol>\n<p>Las presentes conductas ser\u00e1n consideradas para efectos del presente contrato como vulneraciones de seguridad y se comunicar\u00e1 y participar\u00e1 con las Autoridades correspondientes.<\/p>\n<p><strong>SEGURIDAD<\/strong><\/p>\n<p><strong>BLANCOS PILESO\u00a0<\/strong>al ser una herramienta de servicios de base tecnol\u00f3gica, siempre se encuentra verificando sus niveles de seguridad respecto al almacenamiento e interfaz de la operaci\u00f3n de nuestra empresa, sin embargo, siempre es susceptible de ataques inform\u00e1ticos, malware o cualquier otro desperfecto ocasionado por terceros, por lo que, le suplicamos siempre verificar antes de realizar cualquier acci\u00f3n dentro de la plataforma, que se encuentre en el dominio correcto de <strong>BLANCOS PILESO.<\/strong><\/p>\n<p>&nbsp;<\/p>\n<p><strong>BLANCOS PILESO <\/strong>no garantiza las p\u00e9rdidas de informaci\u00f3n que pudieran derivarse del uso de la plataforma; sin embargo, s\u00ed garantiza que ha realizado pruebas de la fiabilidad del funcionamiento de la misma y no ha detectado problema alguno que implique un riesgo de p\u00e9rdida de informaci\u00f3n.<\/p>\n<p>&nbsp;<\/p>\n<p>Asimismo, le informamos que, a pesar de los riesgos que se han manifestado anteriormente,\u00a0<strong>BLANCOS PILESO<\/strong>\u00a0siempre busca ofrecer confidencialidad, integridad y disponibilidad de los datos que procesamos para un buen servicio de nuestros clientes.<\/p>\n<p>&nbsp;<\/p>\n<p><strong>DISPOSICIONES GENERALES<\/strong><\/p>\n<p>&nbsp;<\/p>\n<p>Si cualquier estipulaci\u00f3n o parte de los t\u00e9rminos y condiciones fuese declarada ilegal, nula, no aplicable o de cualquier otra forma inejecutable por cualquier Autoridad competente, dicha estipulaci\u00f3n o parte de la misma ser\u00e1 eliminada de los presentes t\u00e9rminos y condiciones, y el resto ser\u00e1 aplicado como si dicha estipulaci\u00f3n o parte de la misma no existiera.<\/p>\n<p>Cualquier omisi\u00f3n (total o parcial) o retraso asumible a\u00a0<strong>BLANCOS PILESO\u00a0<\/strong>en la aplicaci\u00f3n o ejecuci\u00f3n en su totalidad o en parte de cualquier disposici\u00f3n o estipulaci\u00f3n en estos t\u00e9rminos y condiciones y\/o de los derechos que se deriven de los mismos o de cualquier Ley aplicable no ser\u00e1 interpretado como una renuncia a los derechos o acciones de <strong>BLANCOS PILESO.<\/strong><\/p>\n<p><strong>JURISDICCI\u00d3N<\/strong><\/p>\n<p>Para todo lo relativo al cumplimiento, interpretaci\u00f3n y ejecuci\u00f3n de los presentes t\u00e9rminos y condiciones, Usted se somete expresamente a las disposiciones aplicables y vigentes en la Norma Mexicana de Comercio Electr\u00f3nico NMX-COE-001-SCFI-2018, a la Ley Federal de Protecci\u00f3n al Consumidor con sede en Le\u00f3n, Guanajuato, as\u00ed como en la leyes para el Estado de Guanajuato y a la jurisdicci\u00f3n de los Tribunales competentes de la Ciudad de Le\u00f3n, Guanajuato, renunciando a cualquier fuero que por raz\u00f3n de sus domicilios presentes o futuros o que, por cualquier circunstancia les pudiere.<\/p>\n<p>[\/et_pb_text][\/et_pb_column][\/et_pb_row][\/et_pb_section]<\/p>\n","protected":false},"excerpt":{"rendered":"<p>T\u00c9RMINOS Y CONDICIONES. www.blancospileso.com &nbsp; IDENTIDAD BLANCOS PILESO S.A. de C.V., a quien en lo sucesivo se le conocer\u00e1 como\u00a0BLANCOS PILESO,\u00a0es una Sociedad Mercantil que tiene por objeto la fabricaci\u00f2n y venta de almohadas, cojines decorativos, cojines para silla, colchonetas y camas para mascota a nivel nacional e internacional. Estos productos se ponen a disposici\u00f3n [&hellip;]<\/p>\n","protected":false},"author":1,"featured_media":0,"parent":0,"menu_order":0,"comment_status":"closed","ping_status":"closed","template":"","meta":{"_et_pb_use_builder":"on","_et_pb_old_content":"<!-- wp:divi\/placeholder \/-->","_et_gb_content_width":"","_joinchat":[]},"_links":{"self":[{"href":"https:\/\/blancospileso.com\/index.php?rest_route=\/wp\/v2\/pages\/1738"}],"collection":[{"href":"https:\/\/blancospileso.com\/index.php?rest_route=\/wp\/v2\/pages"}],"about":[{"href":"https:\/\/blancospileso.com\/index.php?rest_route=\/wp\/v2\/types\/page"}],"author":[{"embeddable":true,"href":"https:\/\/blancospileso.com\/index.php?rest_route=\/wp\/v2\/users\/1"}],"replies":[{"embeddable":true,"href":"https:\/\/blancospileso.com\/index.php?rest_route=%2Fwp%2Fv2%2Fcomments&post=1738"}],"version-history":[{"count":3,"href":"https:\/\/blancospileso.com\/index.php?rest_route=\/wp\/v2\/pages\/1738\/revisions"}],"predecessor-version":[{"id":1741,"href":"https:\/\/blancospileso.com\/index.php?rest_route=\/wp\/v2\/pages\/1738\/revisions\/1741"}],"wp:attachment":[{"href":"https:\/\/blancospileso.com\/index.php?rest_route=%2Fwp%2Fv2%2Fmedia&parent=1738"}],"curies":[{"name":"wp","href":"https:\/\/api.w.org\/{rel}","templated":true}]}}