{"id":1590,"date":"2023-05-16T03:27:13","date_gmt":"2023-05-16T03:27:13","guid":{"rendered":"https:\/\/blancospileso.com\/?page_id=1590"},"modified":"2025-01-17T15:52:34","modified_gmt":"2025-01-17T15:52:34","slug":"nosotros","status":"publish","type":"page","link":"https:\/\/blancospileso.com\/?page_id=1590","title":{"rendered":"Nosotros"},"content":{"rendered":"<p>[et_pb_section fb_built=\u00bb1&#8243; _builder_version=\u00bb4.21.0&#8243; _module_preset=\u00bbdefault\u00bb background_color=\u00bb#160E9F\u00bb global_colors_info=\u00bb{}\u00bb][et_pb_row _builder_version=\u00bb4.21.0&#8243; _module_preset=\u00bbdefault\u00bb global_colors_info=\u00bb{}\u00bb][et_pb_column type=\u00bb4_4&#8243; _builder_version=\u00bb4.21.0&#8243; _module_preset=\u00bbdefault\u00bb global_colors_info=\u00bb{}\u00bb][et_pb_text _builder_version=\u00bb4.21.0&#8243; _module_preset=\u00bbdefault\u00bb header_font=\u00bb|700|||||||\u00bb header_font_size=\u00bb40px\u00bb background_layout=\u00bbdark\u00bb global_colors_info=\u00bb{}\u00bb]<\/p>\n<h1>Nuestros Valores<\/h1>\n<p>[\/et_pb_text][\/et_pb_column][\/et_pb_row][\/et_pb_section][et_pb_section fb_built=\u00bb1&#8243; _builder_version=\u00bb4.21.0&#8243; _module_preset=\u00bbdefault\u00bb global_colors_info=\u00bb{}\u00bb][et_pb_row column_structure=\u00bb1_2,1_2&#8243; _builder_version=\u00bb4.21.0&#8243; _module_preset=\u00bbdefault\u00bb custom_margin=\u00bb40px||||false|false\u00bb global_colors_info=\u00bb{}\u00bb][et_pb_column type=\u00bb1_2&#8243; _builder_version=\u00bb4.21.0&#8243; _module_preset=\u00bbdefault\u00bb global_colors_info=\u00bb{}\u00bb][et_pb_image src=\u00bbhttps:\/\/blancospileso.com\/wp-content\/uploads\/2025\/01\/ISO-.jpg\u00bb _builder_version=\u00bb4.21.0&#8243; _module_preset=\u00bbdefault\u00bb title_text=\u00bbISO\u00bb hover_enabled=\u00bb0&#8243; sticky_enabled=\u00bb0&#8243;][\/et_pb_image][\/et_pb_column][et_pb_column type=\u00bb1_2&#8243; _builder_version=\u00bb4.21.0&#8243; _module_preset=\u00bbdefault\u00bb global_colors_info=\u00bb{}\u00bb][et_pb_blurb title=\u00bbMisi\u00f3n\u00bb use_icon=\u00bbon\u00bb font_icon=\u00bb&#xe012;||divi||400&#8243; icon_placement=\u00bbleft\u00bb _builder_version=\u00bb4.21.0&#8243; _module_preset=\u00bbdefault\u00bb header_level=\u00bbh2&#8243; header_font=\u00bb|800|||||||\u00bb header_text_color=\u00bb#000000&#8243; body_text_align=\u00bbjustify\u00bb body_font_size=\u00bb15px\u00bb global_colors_info=\u00bb{}\u00bb]<\/p>\n<p>Somos una empresa que Ofrece confort, descanso, moda, alegr\u00eda e inspiraci\u00f3n en cualquier lugar que se ocupen art\u00edculos de Blancos con la calidad que el cliente pide , utilizando tecnolog\u00eda de vanguardia y procesos flexibles y eficientes que aseguran la mejora continua de nuestros procesos y productos innovadores cuidando la funcionalidad y el dise\u00f1o. Somos un Servicio integral de transporte que ofrece seriedad, rapidez y volumen en nuestras entregas. Contribuimos a la calidad de vida de los miembros de la empresa asegurando su formaci\u00f3n a trav\u00e9s de su desarrollo laboral y humano.<\/p>\n<p>[\/et_pb_blurb][et_pb_blurb title=\u00bbVisi\u00f3n\u00bb use_icon=\u00bbon\u00bb font_icon=\u00bb&#xf091;||fa||900&#8243; icon_placement=\u00bbleft\u00bb _builder_version=\u00bb4.21.0&#8243; _module_preset=\u00bbdefault\u00bb header_level=\u00bbh2&#8243; header_font=\u00bb|800|||||||\u00bb header_text_color=\u00bb#000000&#8243; body_text_align=\u00bbjustify\u00bb body_font_size=\u00bb15px\u00bb global_colors_info=\u00bb{}\u00bb]<\/p>\n<p>\u2022 Ser la mejor empresa en America y una empresa importante a nivel mundial en brindarle servicios integrales y soluciones al cliente en el \u00e1rea de confort y tecnolog\u00eda de descanso, enfoc\u00e1ndonos en todos los mercados que ocupen estos productos.<\/p>\n<p>\u2022 Ser el proveedor preferido de los clientes.<\/p>\n<p>\u2022 Ser una empresa innovadora que mira hacia el futuro.<\/p>\n<p>\u2022 Ser una empresa extraordinaria para quien trabaje en ella o tenga contacto con ella.<\/p>\n<p>\u2022 Ser la mejor opci\u00f3n de transporte en las rutas de regreso de nuestros destinos de venta.<\/p>\n<p>[\/et_pb_blurb][\/et_pb_column][\/et_pb_row][\/et_pb_section]<\/p>\n","protected":false},"excerpt":{"rendered":"<p>Nuestros ValoresSomos una empresa que Ofrece confort, descanso, moda, alegr\u00eda e inspiraci\u00f3n en cualquier lugar que se ocupen art\u00edculos de Blancos con la calidad que el cliente pide , utilizando tecnolog\u00eda de vanguardia y procesos flexibles y eficientes que aseguran la mejora continua de nuestros procesos y productos innovadores cuidando la funcionalidad y el dise\u00f1o. [&hellip;]<\/p>\n","protected":false},"author":1,"featured_media":0,"parent":0,"menu_order":0,"comment_status":"closed","ping_status":"closed","template":"","meta":{"_et_pb_use_builder":"on","_et_pb_old_content":"<!-- wp:divi\/placeholder \/-->","_et_gb_content_width":"","_joinchat":[]},"_links":{"self":[{"href":"https:\/\/blancospileso.com\/index.php?rest_route=\/wp\/v2\/pages\/1590"}],"collection":[{"href":"https:\/\/blancospileso.com\/index.php?rest_route=\/wp\/v2\/pages"}],"about":[{"href":"https:\/\/blancospileso.com\/index.php?rest_route=\/wp\/v2\/types\/page"}],"author":[{"embeddable":true,"href":"https:\/\/blancospileso.com\/index.php?rest_route=\/wp\/v2\/users\/1"}],"replies":[{"embeddable":true,"href":"https:\/\/blancospileso.com\/index.php?rest_route=%2Fwp%2Fv2%2Fcomments&post=1590"}],"version-history":[{"count":5,"href":"https:\/\/blancospileso.com\/index.php?rest_route=\/wp\/v2\/pages\/1590\/revisions"}],"predecessor-version":[{"id":1803,"href":"https:\/\/blancospileso.com\/index.php?rest_route=\/wp\/v2\/pages\/1590\/revisions\/1803"}],"wp:attachment":[{"href":"https:\/\/blancospileso.com\/index.php?rest_route=%2Fwp%2Fv2%2Fmedia&parent=1590"}],"curies":[{"name":"wp","href":"https:\/\/api.w.org\/{rel}","templated":true}]}}